{"id":166,"date":"2025-08-20T09:24:03","date_gmt":"2025-08-20T09:24:03","guid":{"rendered":"https:\/\/lesalondelafuturemariee.fr\/?page_id=166"},"modified":"2025-08-20T09:24:03","modified_gmt":"2025-08-20T09:24:03","slug":"foire-au-questions","status":"publish","type":"page","link":"https:\/\/lesalondelafuturemariee.fr\/index.php\/foire-au-questions\/","title":{"rendered":"Foire au questions"},"content":{"rendered":"\n<h2 class=\"wp-block-heading\">\ud83c\udf9f\ufe0f Infos pratiques &amp; billetterie<\/h2>\n\n\n\n<ul class=\"wp-block-list\">\n<li>Faut-il acheter un billet d\u2019entr\u00e9e pour le salon ?<br>> Non, l&rsquo;entr\u00e9e est libre et gratuite. Mais vous pouvez tout de m\u00eame t\u00e9l\u00e9charger un pass qui nous aidera \u00e0 mieux estimer l&rsquo;affluence attendue <a href=\"https:\/\/www.helloasso.com\/associations\/feel-the-love\/evenements\/entree-gratuite-le-salon-de-la-future-mariee\">juste ici <\/a>!<br><\/li>\n\n\n\n<li>Est-ce que l\u2019entr\u00e9e est gratuite pour les accompagnants ?<br>> Oui, l&rsquo;entr\u00e9e est toujours libre et gratuite !<br><\/li>\n\n\n\n<li>Est-ce que le nombre de places est limit\u00e9 ?<br>Non, seuls les ateliers sont sur inscriptions et donc limit\u00e9s.<br><\/li>\n\n\n\n<li>Les billets pour les ateliers sont-ils remboursables ?<br>> Les ateliers ne sont pas remboursables, non.<br><\/li>\n\n\n\n<li>Y a-t-il une diff\u00e9rence entre l\u2019entr\u00e9e au salon et la participation aux ateliers ?<br>Oui, l&rsquo;entr\u00e9e du salon vous permet de vous promener, de rencontrer les prestataires et d&rsquo;essayer quelques surprises. Les billets pour les ateliers vous garantissent un temps privil\u00e9gi\u00e9 avec les prestataires et une exp\u00e9rience r\u00e9ellement immersive pour pr\u00e9parer votre mariage !<br><\/li>\n\n\n\n<li>Comment r\u00e9server un atelier ?<br>Vous avez toute la billetterie via <a href=\"https:\/\/linktr.ee\/lesalondelafuturemariee\">ce lien<\/a>. Attention, nous souhaitons conserver une ambiance intimiste et conviviale, les places sont donc limit\u00e9es.<br><\/li>\n\n\n\n<li>Peut-on assister \u00e0 plusieurs ateliers ?<br>Oui, bien s\u00fbr. Mais il faut r\u00e9server chacun d&rsquo;entre eux. Et attention aux horaires.<br><\/li>\n\n\n\n<li>Dois-je imprimer mon billet ou puis-je le montrer sur mon t\u00e9l\u00e9phone ?<br>Les 2 sont possibles \ud83d\ude09<br><\/li>\n<\/ul>\n\n\n\n<hr class=\"wp-block-separator has-alpha-channel-opacity\"\/>\n\n\n\n<h2 class=\"wp-block-heading\">\ud83d\udccd Lieu &amp; acc\u00e8s<\/h2>\n\n\n\n<ul class=\"wp-block-list\">\n<li>O\u00f9 se d\u00e9roule le salon ?<br>Au Ch\u00e2teau de la Garnison \u00e0 Orvault !<br><a href=\"https:\/\/maps.app.goo.gl\/wcNknkJLqn2m8BS28\">13 Chem. de la Garnison, 44700 Orvault<\/a><br><\/li>\n\n\n\n<li>Y a-t-il un parking sur place ?<br>Oui !<br><\/li>\n\n\n\n<li>Le lieu est-il accessible en transport en commun ?<br>Non, h\u00e9las.<br><\/li>\n\n\n\n<li>Le salon est-il accessible aux personnes \u00e0 mobilit\u00e9 r\u00e9duite ?<br>Oui !<\/li>\n<\/ul>\n\n\n\n<hr class=\"wp-block-separator has-alpha-channel-opacity\"\/>\n\n\n\n<h2 class=\"wp-block-heading\">\u23f0 Dates &amp; horaires<\/h2>\n\n\n\n<ul class=\"wp-block-list\">\n<li>Quelles sont les dates du salon ?<br>Le Salon est ouvert du <strong>Samedi 27 Septembre au Dimanche 28 Septembre 2025, de 10h \u00e0 18h !<\/strong><br><\/li>\n\n\n\n<li>Quels sont les horaires d\u2019ouverture ?<br><strong>De 10h \u00e0 18h<\/strong><br><\/li>\n\n\n\n<li>Combien de temps faut-il pr\u00e9voir pour la visite ?<br>Tout d\u00e9pend de vos questions et des ateliers r\u00e9serv\u00e9s, mais environ 2h.<br><\/li>\n\n\n\n<li>Les ateliers ont-ils des horaires pr\u00e9cis ?<br>Oui, merci de venir \u00e0 l&rsquo;heure pour ne pas d\u00e9caler les ateliers.<br><\/li>\n<\/ul>\n\n\n\n<hr class=\"wp-block-separator has-alpha-channel-opacity\"\/>\n\n\n\n<h2 class=\"wp-block-heading\">\ud83d\udc8d Contenu &amp; d\u00e9roul\u00e9<\/h2>\n\n\n\n<ul class=\"wp-block-list\">\n<li>Qu\u2019est-ce que je vais trouver sur le salon ?<br>25 prestations d\u00e9di\u00e9s au mariage, des prestataires locaux et passionn\u00e9es, des surprises, des ateliers et un d\u00e9cors inspirant pour vous projeter !<br><\/li>\n\n\n\n<li>Combien de prestataires seront pr\u00e9sents ?<br>22 prestataires (oui, certains pr\u00e9sentent 2 activit\u00e9s)<br><\/li>\n\n\n\n<li>Quels types de prestataires participent au salon ?<br>Enti\u00e8rement d\u00e9di\u00e9 au mariage et au Jour-J.<br><\/li>\n\n\n\n<li>Y aura-t-il des essayages de robes de mari\u00e9e ?<br>Oui, 3 cr\u00e9neaux sont r\u00e9servables.<br><\/li>\n\n\n\n<li>Peut-on go\u00fbter ou tester certaines prestations (traiteur, animation, etc.) ?<br>Oui, mais on garde un peu de surprises pour l&rsquo;instant !<br><\/li>\n\n\n\n<li>Y aura-t-il des conf\u00e9rences ou tables rondes ?<br>Non.<br><\/li>\n\n\n\n<li>Puis-je venir avec mon\/ma futur(e) conjoint(e) ?<br>OUI ! Des surprises seront d\u00e9di\u00e9es \u00e0 ces messieurs, alors venez nombreux !<br><\/li>\n\n\n\n<li>Est-ce que les enfants peuvent venir ?<br>Oui, bien s\u00fbr sous votre surveillance.<br><\/li>\n\n\n\n<li>Peut-on rencontrer directement les prestataires et discuter avec eux ?<br>C&rsquo;est m\u00eame l&rsquo;objectif !<br><\/li>\n\n\n\n<li>Y aura-t-il des offres sp\u00e9ciales ou des r\u00e9ductions pendant le salon ?<br>Oui !<\/li>\n<\/ul>\n\n\n\n<hr class=\"wp-block-separator has-alpha-channel-opacity\"\/>\n\n\n\n<h2 class=\"wp-block-heading\">\ud83d\udecd\ufe0f Ateliers &amp; animations<\/h2>\n\n\n\n<ul class=\"wp-block-list\">\n<li>Quels ateliers sont propos\u00e9s ?<br>Mise en beaut\u00e9, essayages de robe de mari\u00e9e, atelier rituels de c\u00e9r\u00e9monie la\u00efque, cr\u00e9ation de votre design ecocup, initiation au mixage DJ, et bien d&rsquo;autres !<br><\/li>\n\n\n\n<li>Comment s\u2019inscrire \u00e0 un atelier ?<br>Via cette billetterie <a href=\"https:\/\/linktr.ee\/lesalondelafuturemariee?fbclid=PAZXh0bgNhZW0CMTEAAaccWFS8l_d0FU7iMduCGHizhrMb8QCXR6t-sl_cvNQHNa6ZfeYxbuIhzpG9pg_aem_j8-ylNhk2Sw0k9gz_HSSrw\">juste ici<\/a> !<br><\/li>\n\n\n\n<li>Les ateliers sont-ils payants ?<br>Oui, mais pour la plupart, il s&rsquo;agit d&rsquo;un don \u00e0 notre association. Il nous permet de pouvoir faire vivre ce salon.<br><\/li>\n\n\n\n<li>Combien de personnes peuvent participer \u00e0 un atelier ?<br>La future mari\u00e9e et ses accompagnant.e.s<br><\/li>\n\n\n\n<li>Peut-on assister aux ateliers en simple spectateur sans y participer ?<br>Oui<br><\/li>\n\n\n\n<li>Peut-on repartir avec sa cr\u00e9ation apr\u00e8s un atelier ?<br>Pour certains oui, c&rsquo;est le cas de l&rsquo;atelier Cricut men\u00e9 par \u00c9meline de \u00ab\u00a0\u00c9t\u00e9 82\u00a0\u00bb !<br><\/li>\n\n\n\n<li>Faut-il pr\u00e9voir du mat\u00e9riel pour les ateliers ?<br>Non.<\/li>\n<\/ul>\n\n\n\n<hr class=\"wp-block-separator has-alpha-channel-opacity\"\/>\n\n\n\n<h2 class=\"wp-block-heading\">\ud83d\udcdd Organisation &amp; confort<\/h2>\n\n\n\n<ul class=\"wp-block-list\">\n<li>Y a-t-il un espace restauration ou boissons sur place ?<br>Vous seront propos\u00e9 th\u00e9 et caf\u00e9.<br><\/li>\n\n\n\n<li>Peut-on sortir et revenir dans la journ\u00e9e ?<br>Oui, c&rsquo;est libre et gratuit.<br><\/li>\n\n\n\n<li>Y a-t-il un vestiaire pour laisser mes affaires ?<br>Non.<br><\/li>\n\n\n\n<li>Peut-on prendre des photos\/vid\u00e9os pendant le salon ?<br>Oui, et pensez \u00e0 nous taguer ! @lesalondelafuturemariee<br><\/li>\n\n\n\n<li>Y aura-t-il un programme papier disponible \u00e0 l\u2019entr\u00e9e ?<br>C&rsquo;est m\u00eame une super gazette avec des jeux dedans !<\/li>\n<\/ul>\n\n\n\n<hr class=\"wp-block-separator has-alpha-channel-opacity\"\/>\n\n\n\n<h2 class=\"wp-block-heading\">\ud83e\udd1d Autres<\/h2>\n\n\n\n<ul class=\"wp-block-list\">\n<li>Qui organise le salon ?<br>C&rsquo;est l&rsquo;association<a href=\"https:\/\/lesalondelafuturemariee.fr\/index.php\/lassociation\/\"> Feel The Love<\/a> !<br><\/li>\n\n\n\n<li>Comment suivre l\u2019actualit\u00e9 du salon ?<br>Le mieux c&rsquo;est de s&rsquo;abonner \u00e0 notre insta : <a href=\"https:\/\/www.instagram.com\/lesalondelafuturemariee\/\">@lesalondelafuturemari\u00e9e<\/a><br><\/li>\n\n\n\n<li>Puis-je recommander ce salon \u00e0 d\u2019autres futures mari\u00e9es ?<br>Un grand oui !<\/li>\n<\/ul>\n","protected":false},"excerpt":{"rendered":"<p>\ud83c\udf9f\ufe0f Infos pratiques &amp; billetterie \ud83d\udccd Lieu &amp; acc\u00e8s \u23f0 Dates &amp; horaires \ud83d\udc8d Contenu &amp; d\u00e9roul\u00e9 \ud83d\udecd\ufe0f Ateliers &amp; animations \ud83d\udcdd Organisation &amp; confort \ud83e\udd1d Autres<\/p>\n","protected":false},"author":1,"featured_media":0,"parent":0,"menu_order":0,"comment_status":"closed","ping_status":"closed","template":"","meta":{"footnotes":""},"class_list":["post-166","page","type-page","status-publish","hentry"],"yoast_head":"<!-- This site is optimized with the Yoast SEO plugin v26.4 - https:\/\/yoast.com\/wordpress\/plugins\/seo\/ -->\n<title>Foire au questions - Le Salon de la Future Mari\u00e9e | L&#039;\u00e9v\u00e9nement intimiste pour organiser votre mariage<\/title>\n<meta name=\"robots\" content=\"index, follow, max-snippet:-1, max-image-preview:large, max-video-preview:-1\" \/>\n<link rel=\"canonical\" href=\"https:\/\/lesalondelafuturemariee.fr\/index.php\/foire-au-questions\/\" \/>\n<meta property=\"og:locale\" content=\"fr_FR\" \/>\n<meta property=\"og:type\" content=\"article\" \/>\n<meta property=\"og:title\" content=\"Foire au questions - Le Salon de la Future Mari\u00e9e | L&#039;\u00e9v\u00e9nement intimiste pour organiser votre mariage\" \/>\n<meta property=\"og:description\" content=\"\ud83c\udf9f\ufe0f Infos pratiques &amp; billetterie \ud83d\udccd Lieu &amp; acc\u00e8s \u23f0 Dates &amp; horaires \ud83d\udc8d Contenu &amp; d\u00e9roul\u00e9 \ud83d\udecd\ufe0f Ateliers &amp; animations \ud83d\udcdd Organisation &amp; confort \ud83e\udd1d Autres\" \/>\n<meta property=\"og:url\" content=\"https:\/\/lesalondelafuturemariee.fr\/index.php\/foire-au-questions\/\" \/>\n<meta property=\"og:site_name\" content=\"Le Salon de la Future Mari\u00e9e | L&#039;\u00e9v\u00e9nement intimiste pour organiser votre mariage\" \/>\n<meta property=\"article:publisher\" content=\"https:\/\/www.facebook.com\/profile.php?id=61575293342655\" \/>\n<meta name=\"twitter:card\" content=\"summary_large_image\" \/>\n<meta name=\"twitter:label1\" content=\"Dur\u00e9e de lecture estim\u00e9e\" \/>\n\t<meta name=\"twitter:data1\" content=\"4 minutes\" \/>\n<script type=\"application\/ld+json\" class=\"yoast-schema-graph\">{\"@context\":\"https:\/\/schema.org\",\"@graph\":[{\"@type\":\"WebPage\",\"@id\":\"https:\/\/lesalondelafuturemariee.fr\/index.php\/foire-au-questions\/\",\"url\":\"https:\/\/lesalondelafuturemariee.fr\/index.php\/foire-au-questions\/\",\"name\":\"Foire au questions - Le Salon de la Future Mari\u00e9e | L&#039;\u00e9v\u00e9nement intimiste pour organiser votre mariage\",\"isPartOf\":{\"@id\":\"https:\/\/lesalondelafuturemariee.fr\/#website\"},\"datePublished\":\"2025-08-20T09:24:03+00:00\",\"breadcrumb\":{\"@id\":\"https:\/\/lesalondelafuturemariee.fr\/index.php\/foire-au-questions\/#breadcrumb\"},\"inLanguage\":\"fr-FR\",\"potentialAction\":[{\"@type\":\"ReadAction\",\"target\":[\"https:\/\/lesalondelafuturemariee.fr\/index.php\/foire-au-questions\/\"]}]},{\"@type\":\"BreadcrumbList\",\"@id\":\"https:\/\/lesalondelafuturemariee.fr\/index.php\/foire-au-questions\/#breadcrumb\",\"itemListElement\":[{\"@type\":\"ListItem\",\"position\":1,\"name\":\"Accueil\",\"item\":\"https:\/\/lesalondelafuturemariee.fr\/\"},{\"@type\":\"ListItem\",\"position\":2,\"name\":\"Foire au questions\"}]},{\"@type\":\"WebSite\",\"@id\":\"https:\/\/lesalondelafuturemariee.fr\/#website\",\"url\":\"https:\/\/lesalondelafuturemariee.fr\/\",\"name\":\"Le Salon de la Future Mari\u00e9e\",\"description\":\"\",\"publisher\":{\"@id\":\"https:\/\/lesalondelafuturemariee.fr\/#organization\"},\"potentialAction\":[{\"@type\":\"SearchAction\",\"target\":{\"@type\":\"EntryPoint\",\"urlTemplate\":\"https:\/\/lesalondelafuturemariee.fr\/?s={search_term_string}\"},\"query-input\":{\"@type\":\"PropertyValueSpecification\",\"valueRequired\":true,\"valueName\":\"search_term_string\"}}],\"inLanguage\":\"fr-FR\"},{\"@type\":\"Organization\",\"@id\":\"https:\/\/lesalondelafuturemariee.fr\/#organization\",\"name\":\"Le Salon de la Future Mari\u00e9e\",\"url\":\"https:\/\/lesalondelafuturemariee.fr\/\",\"logo\":{\"@type\":\"ImageObject\",\"inLanguage\":\"fr-FR\",\"@id\":\"https:\/\/lesalondelafuturemariee.fr\/#\/schema\/logo\/image\/\",\"url\":\"https:\/\/lesalondelafuturemariee.fr\/wp-content\/uploads\/2025\/07\/Logo-Blanc-2.png\",\"contentUrl\":\"https:\/\/lesalondelafuturemariee.fr\/wp-content\/uploads\/2025\/07\/Logo-Blanc-2.png\",\"width\":2271,\"height\":1833,\"caption\":\"Le Salon de la Future Mari\u00e9e\"},\"image\":{\"@id\":\"https:\/\/lesalondelafuturemariee.fr\/#\/schema\/logo\/image\/\"},\"sameAs\":[\"https:\/\/www.facebook.com\/profile.php?id=61575293342655\",\"https:\/\/www.instagram.com\/lesalondelafuturemariee\/\"]}]}<\/script>\n<!-- \/ Yoast SEO plugin. -->","yoast_head_json":{"title":"Foire au questions - Le Salon de la Future Mari\u00e9e | L&#039;\u00e9v\u00e9nement intimiste pour organiser votre mariage","robots":{"index":"index","follow":"follow","max-snippet":"max-snippet:-1","max-image-preview":"max-image-preview:large","max-video-preview":"max-video-preview:-1"},"canonical":"https:\/\/lesalondelafuturemariee.fr\/index.php\/foire-au-questions\/","og_locale":"fr_FR","og_type":"article","og_title":"Foire au questions - Le Salon de la Future Mari\u00e9e | L&#039;\u00e9v\u00e9nement intimiste pour organiser votre mariage","og_description":"\ud83c\udf9f\ufe0f Infos pratiques &amp; billetterie \ud83d\udccd Lieu &amp; acc\u00e8s \u23f0 Dates &amp; horaires \ud83d\udc8d Contenu &amp; d\u00e9roul\u00e9 \ud83d\udecd\ufe0f Ateliers &amp; animations \ud83d\udcdd Organisation &amp; confort \ud83e\udd1d Autres","og_url":"https:\/\/lesalondelafuturemariee.fr\/index.php\/foire-au-questions\/","og_site_name":"Le Salon de la Future Mari\u00e9e | L&#039;\u00e9v\u00e9nement intimiste pour organiser votre mariage","article_publisher":"https:\/\/www.facebook.com\/profile.php?id=61575293342655","twitter_card":"summary_large_image","twitter_misc":{"Dur\u00e9e de lecture estim\u00e9e":"4 minutes"},"schema":{"@context":"https:\/\/schema.org","@graph":[{"@type":"WebPage","@id":"https:\/\/lesalondelafuturemariee.fr\/index.php\/foire-au-questions\/","url":"https:\/\/lesalondelafuturemariee.fr\/index.php\/foire-au-questions\/","name":"Foire au questions - Le Salon de la Future Mari\u00e9e | L&#039;\u00e9v\u00e9nement intimiste pour organiser votre mariage","isPartOf":{"@id":"https:\/\/lesalondelafuturemariee.fr\/#website"},"datePublished":"2025-08-20T09:24:03+00:00","breadcrumb":{"@id":"https:\/\/lesalondelafuturemariee.fr\/index.php\/foire-au-questions\/#breadcrumb"},"inLanguage":"fr-FR","potentialAction":[{"@type":"ReadAction","target":["https:\/\/lesalondelafuturemariee.fr\/index.php\/foire-au-questions\/"]}]},{"@type":"BreadcrumbList","@id":"https:\/\/lesalondelafuturemariee.fr\/index.php\/foire-au-questions\/#breadcrumb","itemListElement":[{"@type":"ListItem","position":1,"name":"Accueil","item":"https:\/\/lesalondelafuturemariee.fr\/"},{"@type":"ListItem","position":2,"name":"Foire au questions"}]},{"@type":"WebSite","@id":"https:\/\/lesalondelafuturemariee.fr\/#website","url":"https:\/\/lesalondelafuturemariee.fr\/","name":"Le Salon de la Future Mari\u00e9e","description":"","publisher":{"@id":"https:\/\/lesalondelafuturemariee.fr\/#organization"},"potentialAction":[{"@type":"SearchAction","target":{"@type":"EntryPoint","urlTemplate":"https:\/\/lesalondelafuturemariee.fr\/?s={search_term_string}"},"query-input":{"@type":"PropertyValueSpecification","valueRequired":true,"valueName":"search_term_string"}}],"inLanguage":"fr-FR"},{"@type":"Organization","@id":"https:\/\/lesalondelafuturemariee.fr\/#organization","name":"Le Salon de la Future Mari\u00e9e","url":"https:\/\/lesalondelafuturemariee.fr\/","logo":{"@type":"ImageObject","inLanguage":"fr-FR","@id":"https:\/\/lesalondelafuturemariee.fr\/#\/schema\/logo\/image\/","url":"https:\/\/lesalondelafuturemariee.fr\/wp-content\/uploads\/2025\/07\/Logo-Blanc-2.png","contentUrl":"https:\/\/lesalondelafuturemariee.fr\/wp-content\/uploads\/2025\/07\/Logo-Blanc-2.png","width":2271,"height":1833,"caption":"Le Salon de la Future Mari\u00e9e"},"image":{"@id":"https:\/\/lesalondelafuturemariee.fr\/#\/schema\/logo\/image\/"},"sameAs":["https:\/\/www.facebook.com\/profile.php?id=61575293342655","https:\/\/www.instagram.com\/lesalondelafuturemariee\/"]}]}},"_links":{"self":[{"href":"https:\/\/lesalondelafuturemariee.fr\/index.php\/wp-json\/wp\/v2\/pages\/166","targetHints":{"allow":["GET"]}}],"collection":[{"href":"https:\/\/lesalondelafuturemariee.fr\/index.php\/wp-json\/wp\/v2\/pages"}],"about":[{"href":"https:\/\/lesalondelafuturemariee.fr\/index.php\/wp-json\/wp\/v2\/types\/page"}],"author":[{"embeddable":true,"href":"https:\/\/lesalondelafuturemariee.fr\/index.php\/wp-json\/wp\/v2\/users\/1"}],"replies":[{"embeddable":true,"href":"https:\/\/lesalondelafuturemariee.fr\/index.php\/wp-json\/wp\/v2\/comments?post=166"}],"version-history":[{"count":1,"href":"https:\/\/lesalondelafuturemariee.fr\/index.php\/wp-json\/wp\/v2\/pages\/166\/revisions"}],"predecessor-version":[{"id":167,"href":"https:\/\/lesalondelafuturemariee.fr\/index.php\/wp-json\/wp\/v2\/pages\/166\/revisions\/167"}],"wp:attachment":[{"href":"https:\/\/lesalondelafuturemariee.fr\/index.php\/wp-json\/wp\/v2\/media?parent=166"}],"curies":[{"name":"wp","href":"https:\/\/api.w.org\/{rel}","templated":true}]}}